{"id":6429,"date":"2022-03-17T08:05:48","date_gmt":"2022-03-17T08:05:48","guid":{"rendered":"https:\/\/blog.seetal-chile.ch\/?page_id=6429"},"modified":"2026-04-28T17:09:58","modified_gmt":"2026-04-28T15:09:58","slug":"blog-copy","status":"publish","type":"page","link":"https:\/\/blog.seetal-chile.ch\/en\/","title":{"rendered":"Blog"},"content":{"rendered":"<a href=\"https:\/\/anmeldungen.seetal-chile.ch\" target=\"_self\">\n\t\t\t\t\t\t\tCurrent registrations\n\t\t\t\t\t<\/a>\n<h2>\n\t\t\tHeartbeat\t<\/h2>\n\t<p>We share with you our heartbeat - these are reports related to our vision and values.<\/p>\n\t\t\t<a href=\"https:\/\/blog.seetal-chile.ch\/en\/category\/blog\/herzschlag\/\" target=\"_self\">\n\t\t\t\t\t\t\tMore contributions\n\t\t\t\t\t<\/a>\n<h2>\n\t\t\tDiversity\t<\/h2>\n\t<p>There's a lot going on at seetal chile - find out more about special events, courses, campaigns and camps.<\/p>\n\t\t\t<a href=\"https:\/\/blog.seetal-chile.ch\/en\/category\/blog\/vielfalt\/\" target=\"_self\">\n\t\t\t\t\t\t\tMore contributions\n\t\t\t\t\t<\/a>\n<h2>\n\t\t\tDesign\t<\/h2>\n\t<p>We create together - here you can find reports on current activities from different areas of the seetal chile.<\/p>\n\t\t\t<a href=\"https:\/\/blog.seetal-chile.ch\/en\/category\/blog\/gestalten\/\" target=\"_self\">\n\t\t\t\t\t\t\tMore contributions\n\t\t\t\t\t<\/a>","protected":false},"excerpt":{"rendered":"<p>Aktuelle Anmeldungen Herzschlag Wir teilen mit dir unseren Herzschlag &#8211; das sind Berichte in Bezug auf unsere Vision und unsere Werte. Weitere Beitr\u00e4ge Vielfalt In der seetal chile l\u00e4uft so einiges &#8211; erfahre mehr \u00fcber spezielle Veranstaltungen, Kurse, Kampagnen und Camps. Weitere Beitr\u00e4ge Gestalten Wir gestalten gemeinsam &#8211; hier gibt&#8217;s punktuell Berichte \u00fcber aktuelle Aktivit\u00e4ten&hellip;<\/p>","protected":false},"author":32,"featured_media":0,"parent":0,"menu_order":0,"comment_status":"closed","ping_status":"closed","template":"","meta":{"_acf_changed":false,"footnotes":""},"class_list":["post-6429","page","type-page","status-publish","hentry"],"acf":[],"_links":{"self":[{"href":"https:\/\/blog.seetal-chile.ch\/en\/wp-json\/wp\/v2\/pages\/6429","targetHints":{"allow":["GET"]}}],"collection":[{"href":"https:\/\/blog.seetal-chile.ch\/en\/wp-json\/wp\/v2\/pages"}],"about":[{"href":"https:\/\/blog.seetal-chile.ch\/en\/wp-json\/wp\/v2\/types\/page"}],"author":[{"embeddable":true,"href":"https:\/\/blog.seetal-chile.ch\/en\/wp-json\/wp\/v2\/users\/32"}],"replies":[{"embeddable":true,"href":"https:\/\/blog.seetal-chile.ch\/en\/wp-json\/wp\/v2\/comments?post=6429"}],"version-history":[{"count":7,"href":"https:\/\/blog.seetal-chile.ch\/en\/wp-json\/wp\/v2\/pages\/6429\/revisions"}],"predecessor-version":[{"id":11841,"href":"https:\/\/blog.seetal-chile.ch\/en\/wp-json\/wp\/v2\/pages\/6429\/revisions\/11841"}],"wp:attachment":[{"href":"https:\/\/blog.seetal-chile.ch\/en\/wp-json\/wp\/v2\/media?parent=6429"}],"curies":[{"name":"wp","href":"https:\/\/api.w.org\/{rel}","templated":true}]}}