{"id":956,"date":"2019-02-08T17:48:05","date_gmt":"2019-02-08T17:48:05","guid":{"rendered":"https:\/\/blog.seetal-chile.ch\/?page_id=956"},"modified":"2022-04-08T15:17:38","modified_gmt":"2022-04-08T15:17:38","slug":"anmeldung","status":"publish","type":"page","link":"https:\/\/blog.seetal-chile.ch\/fr\/anmeldung\/","title":{"rendered":"Inscription"},"content":{"rendered":"<h1>\n\t\tInscris-toi maintenant !\n\t<\/h1>\n\t<p>Choisis ton offre et inscris-toi d\u00e8s maintenant.<\/p>\n\t\t\t<a href=\"https:\/\/blog.seetal-chile.ch\/fr\/\" target=\"_self\" role=\"button\" rel=\"noopener\">\n\t\t\t\t\t\tPage d'accueil\n\t\t\t\t\t<\/a>\n\t<meta itemscope itemprop=\"mainEntityOfPage\" itemtype=\"https:\/\/schema.org\/WebPage\" itemid=\"https:\/\/blog.seetal-chile.ch\/2022\/03\/24\/fruehlingsputz-in-der-seetal-chile\/\" content=\"Fr\u00fchlingsputz in der seetal chile\" \/><meta itemprop=\"datePublished\" content=\"2022-03-24\" \/><meta itemprop=\"dateModified\" content=\"2022-03-24\" \/><meta itemprop=\"name\" content=\"seetal chile Blog\"\/><meta itemprop=\"url\" content=\"https:\/\/blog.seetal-chile.ch\/author\/matthiasaltwegg\/\" \/><meta itemprop=\"name\" content=\"Matthias Altwegg\" \/><meta itemprop=\"url\" content=\"https:\/\/blog.seetal-chile.ch\/wp-content\/uploads\/2022\/03\/220425_fruehlingsputz.jpg\" \/><meta itemprop=\"width\" content=\"1920\" \/><meta itemprop=\"height\" content=\"1080\" \/><meta itemprop=\"interactionType\" content=\"https:\/\/schema.org\/CommentAction\" \/><meta itemprop=\"userInteractionCount\" content=\"0\" \/>\n\t<a href='https:\/\/blog.seetal-chile.ch\/fr\/2022\/03\/24\/fruehlingsputz-in-der-seetal-chile\/' title='Nettoyage de printemps en seetal chile'><img decoding=\"async\" width=\"1920\" height=\"1080\" src=\"https:\/\/blog.seetal-chile.ch\/wp-content\/uploads\/2022\/03\/220425_fruehlingsputz-1920x1080.jpg\" alt=\"\" loading=\"lazy\" itemprop=\"image\" srcset=\"https:\/\/blog.seetal-chile.ch\/wp-content\/uploads\/2022\/03\/220425_fruehlingsputz.jpg 1920w, https:\/\/blog.seetal-chile.ch\/wp-content\/uploads\/2022\/03\/220425_fruehlingsputz-1200x675.jpg 1200w, https:\/\/blog.seetal-chile.ch\/wp-content\/uploads\/2022\/03\/220425_fruehlingsputz-768x432.jpg 768w, https:\/\/blog.seetal-chile.ch\/wp-content\/uploads\/2022\/03\/220425_fruehlingsputz-1536x864.jpg 1536w\" sizes=\"auto, (max-width: 1920px) 100vw, 1920px\" \/><\/a>\n    <h3><a href='https:\/\/blog.seetal-chile.ch\/fr\/2022\/03\/24\/fruehlingsputz-in-der-seetal-chile\/' title='Nettoyage de printemps en seetal chile'>Nettoyage de printemps en seetal chile<\/a><\/h3>\n    De <a href=\"https:\/\/blog.seetal-chile.ch\/fr\/author\/matthiasaltwegg\/\">Matthias Altwegg<\/a>\n    \t |\n    \t24 mars 2022\n    \t<p>Voil\u00e0 ce qui pourrait t'attendre si tu participes \u00e0 la journ\u00e9e annuelle de nettoyage de la seetal chile le samedi matin 23 avril 2022 : une super communaut\u00e9 pendant le travail, un peu de plaisir, des discussions pr\u00e9cieuses et \u00e0 la fin...<\/p>\n    \t<a href=\"https:\/\/blog.seetal-chile.ch\/fr\/2022\/03\/24\/fruehlingsputz-in-der-seetal-chile\/\">En savoir plus<\/a>\n\t<meta itemscope itemprop=\"mainEntityOfPage\" itemtype=\"https:\/\/schema.org\/WebPage\" itemid=\"https:\/\/blog.seetal-chile.ch\/2022\/03\/08\/auffahrtswochenende-in-bad-schussenried\/\" content=\"Auffahrtswochenende in Bad Schussenried\" \/><meta itemprop=\"datePublished\" content=\"2022-03-08\" \/><meta itemprop=\"dateModified\" content=\"2022-03-15\" \/><meta itemprop=\"name\" content=\"seetal chile Blog\"\/><meta itemprop=\"url\" content=\"https:\/\/blog.seetal-chile.ch\/author\/cedricbruegger\/\" \/><meta itemprop=\"name\" content=\"C\u00e9dric Br\u00fcgger\" \/><meta itemprop=\"url\" content=\"https:\/\/blog.seetal-chile.ch\/wp-content\/uploads\/2022\/03\/gemeindeweekend-16_9-scaled.jpg\" \/><meta itemprop=\"width\" content=\"2560\" \/><meta itemprop=\"height\" content=\"1440\" \/><meta itemprop=\"interactionType\" content=\"https:\/\/schema.org\/CommentAction\" \/><meta itemprop=\"userInteractionCount\" content=\"0\" \/>\n\t<a href='https:\/\/blog.seetal-chile.ch\/fr\/2022\/03\/08\/auffahrtswochenende-in-bad-schussenried\/' title='Week-end de l&#039;Ascension \u00e0 Bad Schussenried'><img decoding=\"async\" width=\"1920\" height=\"1080\" src=\"https:\/\/blog.seetal-chile.ch\/wp-content\/uploads\/2022\/03\/gemeindeweekend-16_9-1920x1080.jpg\" alt=\"\" loading=\"lazy\" itemprop=\"image\" srcset=\"https:\/\/blog.seetal-chile.ch\/wp-content\/uploads\/2022\/03\/gemeindeweekend-16_9-1920x1080.jpg 1920w, https:\/\/blog.seetal-chile.ch\/wp-content\/uploads\/2022\/03\/gemeindeweekend-16_9-1200x675.jpg 1200w, https:\/\/blog.seetal-chile.ch\/wp-content\/uploads\/2022\/03\/gemeindeweekend-16_9-768x432.jpg 768w, https:\/\/blog.seetal-chile.ch\/wp-content\/uploads\/2022\/03\/gemeindeweekend-16_9-1536x864.jpg 1536w, https:\/\/blog.seetal-chile.ch\/wp-content\/uploads\/2022\/03\/gemeindeweekend-16_9-2048x1152.jpg 2048w\" sizes=\"auto, (max-width: 1920px) 100vw, 1920px\" \/><\/a>\n    <h3><a href='https:\/\/blog.seetal-chile.ch\/fr\/2022\/03\/08\/auffahrtswochenende-in-bad-schussenried\/' title='Week-end de l&#039;Ascension \u00e0 Bad Schussenried'>Week-end de l'Ascension \u00e0 Bad Schussenried<\/a><\/h3>\n    De <a href=\"https:\/\/blog.seetal-chile.ch\/fr\/author\/cedricbruegger\/\">C\u00e9dric Br\u00fcgger<\/a>\n    \t |\n    \t8 mars 2022\n    \t<p>Sous le th\u00e8me \"c\u00e9leste\", nous nous rendrons \u00e0 l'Ascension \u00e0 Bad Schussenried en tant que communaut\u00e9 enti\u00e8re. En plus des jeux, du plaisir et de la d\u00e9tente, nous voulons nous pencher sur le ciel. Quel serait le meilleur moment pour le faire...<\/p>\n    \t<a href=\"https:\/\/blog.seetal-chile.ch\/fr\/2022\/03\/08\/auffahrtswochenende-in-bad-schussenried\/\">En savoir plus<\/a>\n\t<meta itemscope itemprop=\"mainEntityOfPage\" itemtype=\"https:\/\/schema.org\/WebPage\" itemid=\"https:\/\/blog.seetal-chile.ch\/2022\/03\/08\/robin-hood-pfingstlager\/\" content=\"Robin Hood &#8211; Pfingstlager\" \/><meta itemprop=\"datePublished\" content=\"2022-03-08\" \/><meta itemprop=\"dateModified\" content=\"2022-03-18\" \/><meta itemprop=\"name\" content=\"seetal chile Blog\"\/><meta itemprop=\"url\" content=\"https:\/\/blog.seetal-chile.ch\/author\/melaniewinzenried\/\" \/><meta itemprop=\"name\" content=\"Melanie Winzenried\" \/><meta itemprop=\"url\" content=\"https:\/\/blog.seetal-chile.ch\/wp-content\/uploads\/2022\/03\/Pfila_Robin-Hood-scaled.jpg\" \/><meta itemprop=\"width\" content=\"2560\" \/><meta itemprop=\"height\" content=\"1440\" \/><meta itemprop=\"interactionType\" content=\"https:\/\/schema.org\/CommentAction\" \/><meta itemprop=\"userInteractionCount\" content=\"0\" \/>\n\t<a href='https:\/\/blog.seetal-chile.ch\/fr\/2022\/03\/08\/robin-hood-pfingstlager\/' title='Robin des Bois - Camp de Pentec\u00f4te'><img decoding=\"async\" width=\"1920\" height=\"1080\" src=\"https:\/\/blog.seetal-chile.ch\/wp-content\/uploads\/2022\/03\/Pfila_Robin-Hood-1920x1080.jpg\" alt=\"\" loading=\"lazy\" itemprop=\"image\" srcset=\"https:\/\/blog.seetal-chile.ch\/wp-content\/uploads\/2022\/03\/Pfila_Robin-Hood-1920x1080.jpg 1920w, https:\/\/blog.seetal-chile.ch\/wp-content\/uploads\/2022\/03\/Pfila_Robin-Hood-1200x675.jpg 1200w, https:\/\/blog.seetal-chile.ch\/wp-content\/uploads\/2022\/03\/Pfila_Robin-Hood-768x432.jpg 768w, https:\/\/blog.seetal-chile.ch\/wp-content\/uploads\/2022\/03\/Pfila_Robin-Hood-1536x864.jpg 1536w, https:\/\/blog.seetal-chile.ch\/wp-content\/uploads\/2022\/03\/Pfila_Robin-Hood-2048x1152.jpg 2048w\" sizes=\"auto, (max-width: 1920px) 100vw, 1920px\" \/><\/a>\n    <h3><a href='https:\/\/blog.seetal-chile.ch\/fr\/2022\/03\/08\/robin-hood-pfingstlager\/' title='Robin des Bois - Camp de Pentec\u00f4te'>Robin des Bois - Camp de Pentec\u00f4te<\/a><\/h3>\n    De <a href=\"https:\/\/blog.seetal-chile.ch\/fr\/author\/melaniewinzenried\/\">Melanie Winzenried<\/a>\n    \t |\n    \t8 mars 2022\n    \t<p>Dans ce pfila, nous suivons les traces de Robin des Bois. Un h\u00e9ros qui s'est battu pour la population pauvre d'Angleterre. Il est pass\u00e9 ma\u00eetre dans l'art de manier l'arc et les fl\u00e8ches...<\/p>\n    \t<a href=\"https:\/\/blog.seetal-chile.ch\/fr\/2022\/03\/08\/robin-hood-pfingstlager\/\">En savoir plus<\/a>\n\t<meta itemscope itemprop=\"mainEntityOfPage\" itemtype=\"https:\/\/schema.org\/WebPage\" itemid=\"https:\/\/blog.seetal-chile.ch\/2022\/02\/24\/teens-event-2022\/\" content=\"Teens Event 2022\" \/><meta itemprop=\"datePublished\" content=\"2022-02-24\" \/><meta itemprop=\"dateModified\" content=\"2022-04-08\" \/><meta itemprop=\"name\" content=\"seetal chile Blog\"\/><meta itemprop=\"url\" content=\"https:\/\/blog.seetal-chile.ch\/author\/cedricbruegger\/\" \/><meta itemprop=\"name\" content=\"C\u00e9dric Br\u00fcgger\" \/><meta itemprop=\"url\" content=\"https:\/\/blog.seetal-chile.ch\/wp-content\/uploads\/2022\/02\/Teens-Event-Slide.jpg\" \/><meta itemprop=\"width\" content=\"1920\" \/><meta itemprop=\"height\" content=\"1080\" \/><meta itemprop=\"interactionType\" content=\"https:\/\/schema.org\/CommentAction\" \/><meta itemprop=\"userInteractionCount\" content=\"0\" \/>\n\t<a href='https:\/\/blog.seetal-chile.ch\/fr\/2022\/02\/24\/teens-event-2022\/' title='\u00c9v\u00e9nement Teens 2022'><img decoding=\"async\" width=\"1920\" height=\"1080\" src=\"https:\/\/blog.seetal-chile.ch\/wp-content\/uploads\/2022\/02\/Teens-Event-Slide-1920x1080.jpg\" alt=\"\" loading=\"lazy\" itemprop=\"image\" srcset=\"https:\/\/blog.seetal-chile.ch\/wp-content\/uploads\/2022\/02\/Teens-Event-Slide.jpg 1920w, https:\/\/blog.seetal-chile.ch\/wp-content\/uploads\/2022\/02\/Teens-Event-Slide-1200x675.jpg 1200w, https:\/\/blog.seetal-chile.ch\/wp-content\/uploads\/2022\/02\/Teens-Event-Slide-768x432.jpg 768w, https:\/\/blog.seetal-chile.ch\/wp-content\/uploads\/2022\/02\/Teens-Event-Slide-1536x864.jpg 1536w\" sizes=\"auto, (max-width: 1920px) 100vw, 1920px\" \/><\/a>\n    <h3><a href='https:\/\/blog.seetal-chile.ch\/fr\/2022\/02\/24\/teens-event-2022\/' title='\u00c9v\u00e9nement Teens 2022'>\u00c9v\u00e9nement Teens 2022<\/a><\/h3>\n    De <a href=\"https:\/\/blog.seetal-chile.ch\/fr\/author\/cedricbruegger\/\">C\u00e9dric Br\u00fcgger<\/a>\n    \t |\n    \t24 f\u00e9vrier 2022\n    \t<p>C'est bient\u00f4t le moment et nous commen\u00e7ons l'\u00e9v\u00e9nement Teens 2022 ! Nous passerons une semaine pleine d'action, d'excitation, de plaisir et de communaut\u00e9 g\u00e9niale - c'est pourquoi tu devrais...<\/p>\n    \t<a href=\"https:\/\/blog.seetal-chile.ch\/fr\/2022\/02\/24\/teens-event-2022\/\">En savoir plus<\/a>\n\t<meta itemscope itemprop=\"mainEntityOfPage\" itemtype=\"https:\/\/schema.org\/WebPage\" itemid=\"https:\/\/blog.seetal-chile.ch\/2022\/02\/10\/ferienplausch-2022\/\" content=\"Ferienplausch 2022\" \/><meta itemprop=\"datePublished\" content=\"2022-02-10\" \/><meta itemprop=\"dateModified\" content=\"2022-02-19\" \/><meta itemprop=\"name\" content=\"seetal chile Blog\"\/><meta itemprop=\"url\" content=\"https:\/\/blog.seetal-chile.ch\/author\/melaniewinzenried\/\" \/><meta itemprop=\"name\" content=\"Melanie Winzenried\" \/><meta itemprop=\"url\" content=\"https:\/\/blog.seetal-chile.ch\/wp-content\/uploads\/2022\/01\/Slide_Fepla_22.jpg\" \/><meta itemprop=\"width\" content=\"2528\" \/><meta itemprop=\"height\" content=\"1422\" \/><meta itemprop=\"interactionType\" content=\"https:\/\/schema.org\/CommentAction\" \/><meta itemprop=\"userInteractionCount\" content=\"0\" \/>\n\t<a href='https:\/\/blog.seetal-chile.ch\/fr\/2022\/02\/10\/ferienplausch-2022\/' title='Plaisir des vacances 2022'><img decoding=\"async\" width=\"1920\" height=\"1080\" src=\"https:\/\/blog.seetal-chile.ch\/wp-content\/uploads\/2022\/01\/Slide_Fepla_22-1920x1080.jpg\" alt=\"\" loading=\"lazy\" itemprop=\"image\" srcset=\"https:\/\/blog.seetal-chile.ch\/wp-content\/uploads\/2022\/01\/Slide_Fepla_22-1920x1080.jpg 1920w, https:\/\/blog.seetal-chile.ch\/wp-content\/uploads\/2022\/01\/Slide_Fepla_22-1200x675.jpg 1200w, https:\/\/blog.seetal-chile.ch\/wp-content\/uploads\/2022\/01\/Slide_Fepla_22-768x432.jpg 768w, https:\/\/blog.seetal-chile.ch\/wp-content\/uploads\/2022\/01\/Slide_Fepla_22-1536x864.jpg 1536w, https:\/\/blog.seetal-chile.ch\/wp-content\/uploads\/2022\/01\/Slide_Fepla_22-2048x1152.jpg 2048w\" sizes=\"auto, (max-width: 1920px) 100vw, 1920px\" \/><\/a>\n    <h3><a href='https:\/\/blog.seetal-chile.ch\/fr\/2022\/02\/10\/ferienplausch-2022\/' title='Plaisir des vacances 2022'>Plaisir des vacances 2022<\/a><\/h3>\n    De <a href=\"https:\/\/blog.seetal-chile.ch\/fr\/author\/melaniewinzenried\/\">Melanie Winzenried<\/a>\n    \t |\n    \t10 f\u00e9vrier 2022\n    \t<p>Nous faisons une deuxi\u00e8me tentative avec notre voyage \u00e0 Ninive, que nous avions initialement pr\u00e9vu en 2020. Mais maintenant, plus rien ne doit s'opposer \u00e0 cette aventure. Nous...<\/p>\n    \t<a href=\"https:\/\/blog.seetal-chile.ch\/fr\/2022\/02\/10\/ferienplausch-2022\/\">En savoir plus<\/a>\n\t<meta itemscope itemprop=\"mainEntityOfPage\" itemtype=\"https:\/\/schema.org\/WebPage\" itemid=\"https:\/\/blog.seetal-chile.ch\/2022\/01\/29\/beachcamp-2022\/\" content=\"Beachcamp 2022\" \/><meta itemprop=\"datePublished\" content=\"2022-01-29\" \/><meta itemprop=\"dateModified\" content=\"2022-03-31\" \/><meta itemprop=\"name\" content=\"seetal chile Blog\"\/><meta itemprop=\"url\" content=\"https:\/\/blog.seetal-chile.ch\/author\/melaniewinzenried\/\" \/><meta itemprop=\"name\" content=\"Melanie Winzenried\" \/><meta itemprop=\"url\" content=\"https:\/\/blog.seetal-chile.ch\/wp-content\/uploads\/2022\/01\/beachcamp-2022-flyer-scaled.jpg\" \/><meta itemprop=\"width\" content=\"2560\" \/><meta itemprop=\"height\" content=\"1440\" \/><meta itemprop=\"interactionType\" content=\"https:\/\/schema.org\/CommentAction\" \/><meta itemprop=\"userInteractionCount\" content=\"0\" \/>\n\t<a href='https:\/\/blog.seetal-chile.ch\/fr\/2022\/01\/29\/beachcamp-2022\/' title='Camp de plage 2022'><img decoding=\"async\" width=\"1920\" height=\"1080\" src=\"https:\/\/blog.seetal-chile.ch\/wp-content\/uploads\/2022\/01\/beachcamp-2022-flyer-1920x1080.jpg\" alt=\"\" loading=\"lazy\" itemprop=\"image\" srcset=\"https:\/\/blog.seetal-chile.ch\/wp-content\/uploads\/2022\/01\/beachcamp-2022-flyer-1920x1080.jpg 1920w, https:\/\/blog.seetal-chile.ch\/wp-content\/uploads\/2022\/01\/beachcamp-2022-flyer-1200x675.jpg 1200w, https:\/\/blog.seetal-chile.ch\/wp-content\/uploads\/2022\/01\/beachcamp-2022-flyer-768x432.jpg 768w, https:\/\/blog.seetal-chile.ch\/wp-content\/uploads\/2022\/01\/beachcamp-2022-flyer-1536x864.jpg 1536w, https:\/\/blog.seetal-chile.ch\/wp-content\/uploads\/2022\/01\/beachcamp-2022-flyer-2048x1152.jpg 2048w\" sizes=\"auto, (max-width: 1920px) 100vw, 1920px\" \/><\/a>\n    <h3><a href='https:\/\/blog.seetal-chile.ch\/fr\/2022\/01\/29\/beachcamp-2022\/' title='Camp de plage 2022'>Camp de plage 2022<\/a><\/h3>\n    De <a href=\"https:\/\/blog.seetal-chile.ch\/fr\/author\/melaniewinzenried\/\">Melanie Winzenried<\/a>\n    \t |\n    \t29 janvier 2022\n    \t<p>Une semaine de soleil, de plage et de mer, quoi de mieux pendant les vacances d'\u00e9t\u00e9. C'est pr\u00e9cis\u00e9ment pour cette raison que nous organisons cette ann\u00e9e pour la premi\u00e8re fois un \"BEACHCAMP\". Pendant la premi\u00e8re semaine des vacances d'\u00e9t\u00e9, du 2....<\/p>\n    \t<a href=\"https:\/\/blog.seetal-chile.ch\/fr\/2022\/01\/29\/beachcamp-2022\/\">En savoir plus<\/a>\n\t\t<!-- .pp-content-posts -->","protected":false},"excerpt":{"rendered":"<p>Inscris-toi d\u00e8s maintenant ! Choisis ton offre et inscris-toi d\u00e8s maintenant. Accueil Nettoyage de printemps en seetal chile Par Matthias Altwegg | 24 mars 2022 Voici ce qui pourrait t'attendre si tu participes \u00e0 la journ\u00e9e annuelle de nettoyage de la seetal chile le samedi matin 23 avril 2022 : une super communaut\u00e9 pendant le travail, un peu de plaisir, des discussions pr\u00e9cieuses et \u00e0 la fin... Suite...<\/p>","protected":false},"author":1,"featured_media":0,"parent":0,"menu_order":0,"comment_status":"closed","ping_status":"closed","template":"","meta":{"_acf_changed":false,"footnotes":""},"class_list":["post-956","page","type-page","status-publish","hentry"],"acf":[],"_links":{"self":[{"href":"https:\/\/blog.seetal-chile.ch\/fr\/wp-json\/wp\/v2\/pages\/956","targetHints":{"allow":["GET"]}}],"collection":[{"href":"https:\/\/blog.seetal-chile.ch\/fr\/wp-json\/wp\/v2\/pages"}],"about":[{"href":"https:\/\/blog.seetal-chile.ch\/fr\/wp-json\/wp\/v2\/types\/page"}],"author":[{"embeddable":true,"href":"https:\/\/blog.seetal-chile.ch\/fr\/wp-json\/wp\/v2\/users\/1"}],"replies":[{"embeddable":true,"href":"https:\/\/blog.seetal-chile.ch\/fr\/wp-json\/wp\/v2\/comments?post=956"}],"version-history":[{"count":0,"href":"https:\/\/blog.seetal-chile.ch\/fr\/wp-json\/wp\/v2\/pages\/956\/revisions"}],"wp:attachment":[{"href":"https:\/\/blog.seetal-chile.ch\/fr\/wp-json\/wp\/v2\/media?parent=956"}],"curies":[{"name":"wp","href":"https:\/\/api.w.org\/{rel}","templated":true}]}}