{"id":6429,"date":"2022-03-17T08:05:48","date_gmt":"2022-03-17T08:05:48","guid":{"rendered":"https:\/\/blog.seetal-chile.ch\/?page_id=6429"},"modified":"2025-09-05T14:02:08","modified_gmt":"2025-09-05T12:02:08","slug":"blog-copy","status":"publish","type":"page","link":"https:\/\/blog.seetal-chile.ch\/it\/","title":{"rendered":"Blog"},"content":{"rendered":"<a href=\"#\" role=\"button\">\n\t\t\t\t\t\t\tIscriviti alla newsletter\n\t\t\t\t\t<\/a>\n\t\t\t<iframe class=\"sc-form\" allowtransparency=\"true\" src=\"https:\/\/forms.seetal-chile.ch\/form\/?formkey=n49cg&formtitle=Anmeldung+Newsletter\" frameborder=\"0\" allowfullscreen=\"\" style=\"width: 100%; min-height: 100%;\"><\/iframe>\t\t\n\t\t\t<a href=\"https:\/\/anmeldungen.seetal-chile.ch\" target=\"_self\">\n\t\t\t\t\t\t\tAlle applicazioni attuali\n\t\t\t\t\t<\/a>\n<h2>\n\t\t\tBattito del cuore\t<\/h2>\n\t<p>Condividiamo con te il nostro battito cardiaco: si tratta di rapporti legati alla nostra visione e ai nostri valori.<\/p>\n\t\t\t<a href=\"https:\/\/blog.seetal-chile.ch\/it\/category\/blog\/herzschlag\/\" target=\"_self\">\n\t\t\t\t\t\t\tAltri contributi\n\t\t\t\t\t<\/a>\n<h2>\n\t\t\tDiversit\u00e0\t<\/h2>\n\t<p>Ci sono molte cose in corso all'seetal chile: scopri gli eventi speciali, i corsi, le campagne e i campi.<\/p>\n\t\t\t<a href=\"https:\/\/blog.seetal-chile.ch\/it\/category\/blog\/vielfalt\/\" target=\"_self\">\n\t\t\t\t\t\t\tAltri contributi\n\t\t\t\t\t<\/a>\n<h2>\n\t\t\tDesign\t<\/h2>\n\t<p>Creiamo insieme: qui puoi trovare i resoconti delle attivit\u00e0 in corso nelle diverse aree dell'seetal chile.<\/p>\n\t\t\t<a href=\"https:\/\/blog.seetal-chile.ch\/it\/category\/blog\/gestalten\/\" target=\"_self\">\n\t\t\t\t\t\t\tAltri contributi\n\t\t\t\t\t<\/a>","protected":false},"excerpt":{"rendered":"<p>Newsletter abonnieren Zu den aktuellen Anmeldungen Herzschlag Wir teilen mit dir unseren Herzschlag &#8211; das sind Berichte in Bezug auf unsere Vision und unsere Werte. Weitere Beitr\u00e4ge Vielfalt In der seetal chile l\u00e4uft so einiges &#8211; erfahre mehr \u00fcber spezielle Veranstaltungen, Kurse, Kampagnen und Camps. Weitere Beitr\u00e4ge Gestalten Wir gestalten gemeinsam &#8211; hier gibt&#8217;s punktuell&hellip;<\/p>","protected":false},"author":32,"featured_media":0,"parent":0,"menu_order":0,"comment_status":"closed","ping_status":"closed","template":"","meta":{"_acf_changed":false,"footnotes":""},"class_list":["post-6429","page","type-page","status-publish","hentry"],"acf":[],"_links":{"self":[{"href":"https:\/\/blog.seetal-chile.ch\/it\/wp-json\/wp\/v2\/pages\/6429","targetHints":{"allow":["GET"]}}],"collection":[{"href":"https:\/\/blog.seetal-chile.ch\/it\/wp-json\/wp\/v2\/pages"}],"about":[{"href":"https:\/\/blog.seetal-chile.ch\/it\/wp-json\/wp\/v2\/types\/page"}],"author":[{"embeddable":true,"href":"https:\/\/blog.seetal-chile.ch\/it\/wp-json\/wp\/v2\/users\/32"}],"replies":[{"embeddable":true,"href":"https:\/\/blog.seetal-chile.ch\/it\/wp-json\/wp\/v2\/comments?post=6429"}],"version-history":[{"count":6,"href":"https:\/\/blog.seetal-chile.ch\/it\/wp-json\/wp\/v2\/pages\/6429\/revisions"}],"predecessor-version":[{"id":11031,"href":"https:\/\/blog.seetal-chile.ch\/it\/wp-json\/wp\/v2\/pages\/6429\/revisions\/11031"}],"wp:attachment":[{"href":"https:\/\/blog.seetal-chile.ch\/it\/wp-json\/wp\/v2\/media?parent=6429"}],"curies":[{"name":"wp","href":"https:\/\/api.w.org\/{rel}","templated":true}]}}